{"id":1550,"date":"2025-11-05T14:50:15","date_gmt":"2025-11-05T13:50:15","guid":{"rendered":"https:\/\/remeker.nl\/product\/remeker-ghee-750-g\/"},"modified":"2026-01-09T10:37:15","modified_gmt":"2026-01-09T09:37:15","slug":"remeker-ghee-750-g","status":"publish","type":"product","link":"https:\/\/remeker.nl\/de\/winkel\/remeker-ghee-750-g\/","title":{"rendered":"Remeker Ghee 750 g"},"content":{"rendered":"<p>Ghee ist <em>reines Milchfett<\/em> \u2013 ja, Milchfett mit einem nussartigen Aroma.<br \/>\nAls K\u00fcchenprodukt eignet es sich hervorragend zum Backen, Braten, Schmoren und Frittieren. Ghee verst\u00e4rkt den Geschmack von Kr\u00e4utern und Gew\u00fcrzen, spritzt nicht beim Erhitzen und ist lange haltbar.<br \/>\nDar\u00fcber hinaus ist es besonders gesund! <\/p>\n<p>Wir gie\u00dfen das Ghee in praktische Gl\u00e4ser (750 g).<br \/>\nSobald der Deckel ge\u00f6ffnet ist, ben\u00f6tigt das Ghee immer frische Luft. Lassen Sie den Deckel also lose darauf liegen oder drehen Sie ihn nur ein wenig zu, damit noch ein Luftaustausch m\u00f6glich ist.<br \/>\nBei Zimmertemperatur gelagert, ist Ghee unbegrenzt haltbar. <\/p>\n","protected":false},"excerpt":{"rendered":"<p>Unser <em>Ghee<\/em> (ausgesprochen wie im Namen \u201aGuy\u2018 oder \u201aGuido\u2018) wird auf dem Bauernhof \u201aDe Groote Voort\u2018 aus der Molkenbutter der Milch unserer pr\u00e4chtigen Jersey-K\u00fche hergestellt.<\/p>\n","protected":false},"featured_media":1495,"template":"","meta":[],"product_brand":[],"product_cat":[47],"product_tag":[],"class_list":{"0":"post-1550","1":"product","2":"type-product","3":"status-publish","4":"has-post-thumbnail","6":"product_cat-ghee","8":"first","9":"instock","10":"taxable","11":"shipping-taxable","12":"purchasable","13":"product-type-simple"},"_links":{"self":[{"href":"https:\/\/remeker.nl\/de\/wp-json\/wp\/v2\/product\/1550","targetHints":{"allow":["GET"]}}],"collection":[{"href":"https:\/\/remeker.nl\/de\/wp-json\/wp\/v2\/product"}],"about":[{"href":"https:\/\/remeker.nl\/de\/wp-json\/wp\/v2\/types\/product"}],"wp:featuredmedia":[{"embeddable":true,"href":"https:\/\/remeker.nl\/de\/wp-json\/wp\/v2\/media\/1495"}],"wp:attachment":[{"href":"https:\/\/remeker.nl\/de\/wp-json\/wp\/v2\/media?parent=1550"}],"wp:term":[{"taxonomy":"product_brand","embeddable":true,"href":"https:\/\/remeker.nl\/de\/wp-json\/wp\/v2\/product_brand?post=1550"},{"taxonomy":"product_cat","embeddable":true,"href":"https:\/\/remeker.nl\/de\/wp-json\/wp\/v2\/product_cat?post=1550"},{"taxonomy":"product_tag","embeddable":true,"href":"https:\/\/remeker.nl\/de\/wp-json\/wp\/v2\/product_tag?post=1550"}],"curies":[{"name":"wp","href":"https:\/\/api.w.org\/{rel}","templated":true}]}}