{"id":1476,"date":"2025-11-05T14:50:14","date_gmt":"2025-11-05T13:50:14","guid":{"rendered":"https:\/\/remeker.nl\/product\/remeker-pril-kaese\/"},"modified":"2025-11-05T14:50:14","modified_gmt":"2025-11-05T13:50:14","slug":"remeker-pril-kaese","status":"publish","type":"product","link":"https:\/\/remeker.nl\/de\/winkel\/remeker-pril-kaese\/","title":{"rendered":"Remeker Pril K\u00e4se"},"content":{"rendered":"","protected":false},"excerpt":{"rendered":"<p>Remeker Pril <a href=\"https:\/\/remeker.nl\/rauwmelkse-kaas\/\">Rohmilch-Naturrinde<\/a> K\u00e4se ist 2 bis 3 Monate gereift. Ein K\u00e4se mit samtiger Textur und herrlichen, frischen Butternoten. Sie bestellen den K\u00e4se pro 500 g. Wenn Sie beispielsweise 2 kg K\u00e4se bestellen m\u00f6chten, geben Sie als Anzahl 4 ein. Bestellungen \u00fcber 30 \u20ac werden innerhalb der Niederlande kostenlos versandt (nach Belgien und Deutschland 5 \u20ac).    <\/p>\n","protected":false},"featured_media":505,"template":"","meta":[],"product_brand":[],"product_cat":[46],"product_tag":[],"class_list":{"0":"post-1476","1":"product","2":"type-product","3":"status-publish","4":"has-post-thumbnail","6":"product_cat-kase","8":"first","9":"instock","10":"taxable","11":"shipping-taxable","12":"purchasable","13":"product-type-simple"},"_links":{"self":[{"href":"https:\/\/remeker.nl\/de\/wp-json\/wp\/v2\/product\/1476","targetHints":{"allow":["GET"]}}],"collection":[{"href":"https:\/\/remeker.nl\/de\/wp-json\/wp\/v2\/product"}],"about":[{"href":"https:\/\/remeker.nl\/de\/wp-json\/wp\/v2\/types\/product"}],"wp:featuredmedia":[{"embeddable":true,"href":"https:\/\/remeker.nl\/de\/wp-json\/wp\/v2\/media\/505"}],"wp:attachment":[{"href":"https:\/\/remeker.nl\/de\/wp-json\/wp\/v2\/media?parent=1476"}],"wp:term":[{"taxonomy":"product_brand","embeddable":true,"href":"https:\/\/remeker.nl\/de\/wp-json\/wp\/v2\/product_brand?post=1476"},{"taxonomy":"product_cat","embeddable":true,"href":"https:\/\/remeker.nl\/de\/wp-json\/wp\/v2\/product_cat?post=1476"},{"taxonomy":"product_tag","embeddable":true,"href":"https:\/\/remeker.nl\/de\/wp-json\/wp\/v2\/product_tag?post=1476"}],"curies":[{"name":"wp","href":"https:\/\/api.w.org\/{rel}","templated":true}]}}