{"id":18974,"date":"2026-01-08T11:32:03","date_gmt":"2026-01-08T10:32:03","guid":{"rendered":"https:\/\/remeker.nl\/cookie-richtlinie\/"},"modified":"2026-01-09T10:55:18","modified_gmt":"2026-01-09T09:55:18","slug":"cookie-richtlinie","status":"publish","type":"page","link":"https:\/\/remeker.nl\/de\/cookie-richtlinie\/","title":{"rendered":"Cookie-Richtlinie"},"content":{"rendered":"\t\t<div data-elementor-type=\"wp-page\" data-elementor-id=\"18974\" class=\"elementor elementor-18974 elementor-18861\" data-elementor-post-type=\"page\">\n\t\t\t\t<div class=\"elementor-element elementor-element-4098026 e-flex e-con-boxed e-con e-parent\" data-id=\"4098026\" data-element_type=\"container\" data-e-type=\"container\" data-settings=\"{&quot;background_background&quot;:&quot;classic&quot;,&quot;shape_divider_bottom&quot;:&quot;curve&quot;,&quot;shape_divider_bottom_negative&quot;:&quot;yes&quot;}\">\n\t\t\t\t\t<div class=\"e-con-inner\">\n\t\t\t\t<div class=\"elementor-shape elementor-shape-bottom\" aria-hidden=\"true\" data-negative=\"true\">\n\t\t\t<svg xmlns=\"http:\/\/www.w3.org\/2000\/svg\" viewBox=\"0 0 1000 100\" preserveAspectRatio=\"none\">\n\t<path class=\"elementor-shape-fill\" d=\"M500,97C126.7,96.3,0.8,19.8,0,0v100l1000,0V1C1000,19.4,873.3,97.8,500,97z\"\/>\n<\/svg>\t\t<\/div>\n\t\t\t\t<div class=\"elementor-element elementor-element-46daa38 elementor-invisible elementor-widget elementor-widget-heading\" data-id=\"46daa38\" data-element_type=\"widget\" data-e-type=\"widget\" data-settings=\"{&quot;_animation&quot;:&quot;fadeInUp&quot;,&quot;_animation_delay&quot;:200}\" data-widget_type=\"heading.default\">\n\t\t\t\t\t<div class=\"elementor-heading-title elementor-size-default\">Remeker<\/div>\t\t\t\t<\/div>\n\t\t\t\t\t<\/div>\n\t\t\t\t<\/div>\n\t\t<div class=\"elementor-element elementor-element-e9bf375 e-flex e-con-boxed e-con e-parent\" data-id=\"e9bf375\" data-element_type=\"container\" data-e-type=\"container\">\n\t\t\t\t\t<div class=\"e-con-inner\">\n\t\t\t\t<div class=\"elementor-element elementor-element-38fb5f9 elementor-widget elementor-widget-text-editor\" data-id=\"38fb5f9\" data-element_type=\"widget\" data-e-type=\"widget\" data-widget_type=\"text-editor.default\">\n\t\t\t\t\t\t\t\t\t<h2>Cookie-Richtlinie Remeker<\/h2>\n<p><strong>Datum der letzten Aktualisierung:<\/strong> 8. Januar 2026<\/p>\n\n<p>Unser Webshop verwendet Cookies und \u00e4hnliche Technologien, um die Website ordnungsgem\u00e4\u00df funktionieren zu lassen, Ihre Pr\u00e4ferenzen zu speichern und Statistiken zu erfassen. Im Folgenden erl\u00e4utern wir, welche Cookies wir verwenden und wie Sie sie verwalten k\u00f6nnen. <\/p>\n\n<h3>1. Was sind Cookies?<\/h3>\n<p>Cookies sind kleine Textdateien, die auf Ihrem Computer oder Mobilger\u00e4t platziert werden, wenn Sie eine Website besuchen. Sie helfen der Website, besser zu funktionieren und Ihnen eine pers\u00f6nliche Erfahrung zu bieten. <\/p>\n\n<h3>2. Welche Cookies verwenden wir?<\/h3>\n<ul>\n<li><strong>Funktionale Cookies:<\/strong> sorgen daf\u00fcr, dass die Website ordnungsgem\u00e4\u00df funktioniert, z. B. Ihren Warenkorb speichert und Sie angemeldet bleiben.<\/li>\n<li><strong>Analytische Cookies:<\/strong> sammeln Informationen \u00fcber die Nutzung der Website, damit wir diese verbessern k\u00f6nnen, z. B. Google Analytics.<\/li>\n<li><strong>Marketing-Cookies:<\/strong> werden f\u00fcr personalisierte Werbung und Angebote auf unserer Website oder auf Partnerseiten verwendet.<\/li>\n<\/ul>\n\n<h3>3. Cookies verwalten<\/h3>\n<p>Sie k\u00f6nnen Cookies jederzeit \u00fcber die Einstellungen Ihres Browsers verwalten oder l\u00f6schen. Bitte beachten Sie, dass einige Funktionen des Webshops m\u00f6glicherweise nicht funktionieren, wenn Sie Cookies deaktivieren. <\/p>\n\n<h3>4. Zustimmung<\/h3>\n<p>Bei Ihrem ersten Besuch auf unserer Website bitten wir um Ihre Zustimmung zur Verwendung von Analyse- und Marketing-Cookies. Funktionale Cookies sind notwendig und werden immer gesetzt. <\/p>\n\n<p>Bei Fragen zu unserer Cookie-Richtlinie k\u00f6nnen Sie uns unter <a href=\"mailto:info@remeker.nl\">info@remeker.nl<\/a> kontaktieren.<\/p>\n\t\t\t\t\t\t\t\t<\/div>\n\t\t\t\t\t<\/div>\n\t\t\t\t<\/div>\n\t\t\t\t<\/div>\n\t\t","protected":false},"excerpt":{"rendered":"<p>Remeker Cookie-Richtlinie Remeker Datum der letzten Aktualisierung: 8. Januar 2026 Unser Webshop verwendet Cookies und \u00e4hnliche Technologien, um die Website ordnungsgem\u00e4\u00df funktionieren zu lassen, Ihre Pr\u00e4ferenzen zu speichern und Statistiken zu erfassen. Im Folgenden erl\u00e4utern wir, welche Cookies wir verwenden und wie Sie sie verwalten k\u00f6nnen. 1. Was sind Cookies? Cookies sind kleine Textdateien, die [&hellip;]<\/p>\n","protected":false},"author":1,"featured_media":0,"parent":0,"menu_order":0,"comment_status":"closed","ping_status":"closed","template":"","meta":{"footnotes":""},"class_list":["post-18974","page","type-page","status-publish","hentry"],"_links":{"self":[{"href":"https:\/\/remeker.nl\/de\/wp-json\/wp\/v2\/pages\/18974","targetHints":{"allow":["GET"]}}],"collection":[{"href":"https:\/\/remeker.nl\/de\/wp-json\/wp\/v2\/pages"}],"about":[{"href":"https:\/\/remeker.nl\/de\/wp-json\/wp\/v2\/types\/page"}],"author":[{"embeddable":true,"href":"https:\/\/remeker.nl\/de\/wp-json\/wp\/v2\/users\/1"}],"replies":[{"embeddable":true,"href":"https:\/\/remeker.nl\/de\/wp-json\/wp\/v2\/comments?post=18974"}],"version-history":[{"count":1,"href":"https:\/\/remeker.nl\/de\/wp-json\/wp\/v2\/pages\/18974\/revisions"}],"predecessor-version":[{"id":18975,"href":"https:\/\/remeker.nl\/de\/wp-json\/wp\/v2\/pages\/18974\/revisions\/18975"}],"wp:attachment":[{"href":"https:\/\/remeker.nl\/de\/wp-json\/wp\/v2\/media?parent=18974"}],"curies":[{"name":"wp","href":"https:\/\/api.w.org\/{rel}","templated":true}]}}