{"id":1152,"date":"2025-10-29T09:40:30","date_gmt":"2025-10-29T08:40:30","guid":{"rendered":"https:\/\/remeker.nl\/kaese\/"},"modified":"2026-01-07T13:02:17","modified_gmt":"2026-01-07T12:02:17","slug":"kaese","status":"publish","type":"page","link":"https:\/\/remeker.nl\/de\/kaese\/","title":{"rendered":"K\u00e4se"},"content":{"rendered":"\t\t<div data-elementor-type=\"wp-page\" data-elementor-id=\"1152\" class=\"elementor elementor-1152 elementor-101\" data-elementor-post-type=\"page\">\n\t\t\t\t<div class=\"elementor-element elementor-element-e29d3fa e-con-full e-flex e-con e-parent\" data-id=\"e29d3fa\" data-element_type=\"container\" data-e-type=\"container\" data-settings=\"{&quot;background_background&quot;:&quot;classic&quot;,&quot;shape_divider_bottom_negative&quot;:&quot;yes&quot;,&quot;shape_divider_bottom&quot;:&quot;curve&quot;}\">\n\t\t\t\t<div class=\"elementor-shape elementor-shape-bottom\" aria-hidden=\"true\" data-negative=\"true\">\n\t\t\t<svg xmlns=\"http:\/\/www.w3.org\/2000\/svg\" viewBox=\"0 0 1000 100\" preserveAspectRatio=\"none\">\n\t<path class=\"elementor-shape-fill\" d=\"M500,97C126.7,96.3,0.8,19.8,0,0v100l1000,0V1C1000,19.4,873.3,97.8,500,97z\"\/>\n<\/svg>\t\t<\/div>\n\t\t<div class=\"elementor-element elementor-element-8b743fa e-flex e-con-boxed e-con e-child\" data-id=\"8b743fa\" data-element_type=\"container\" data-e-type=\"container\">\n\t\t\t\t\t<div class=\"e-con-inner\">\n\t\t\t\t<div class=\"elementor-element elementor-element-ba6583a elementor-invisible elementor-widget elementor-widget-heading\" data-id=\"ba6583a\" data-element_type=\"widget\" data-e-type=\"widget\" data-settings=\"{&quot;_animation&quot;:&quot;fadeInUp&quot;,&quot;_animation_delay&quot;:200}\" data-widget_type=\"heading.default\">\n\t\t\t\t\t<h1 class=\"elementor-heading-title elementor-size-default\">Remeker<\/h1>\t\t\t\t<\/div>\n\t\t\t\t<div class=\"elementor-element elementor-element-ca64b30 elementor-invisible elementor-widget elementor-widget-heading\" data-id=\"ca64b30\" data-element_type=\"widget\" data-e-type=\"widget\" data-settings=\"{&quot;_animation&quot;:&quot;fadeInUp&quot;,&quot;_animation_delay&quot;:400}\" data-widget_type=\"heading.default\">\n\t\t\t\t\t<div class=\"elementor-heading-title elementor-size-default\">K\u00e4se<\/div>\t\t\t\t<\/div>\n\t\t\t\t\t<\/div>\n\t\t\t\t<\/div>\n\t\t\t\t<\/div>\n\t\t<div class=\"elementor-element elementor-element-b1ded50 e-flex e-con-boxed e-con e-parent\" data-id=\"b1ded50\" data-element_type=\"container\" data-e-type=\"container\">\n\t\t\t\t\t<div class=\"e-con-inner\">\n\t\t<div class=\"elementor-element elementor-element-ec7dd14 e-con-full e-flex e-con e-child\" data-id=\"ec7dd14\" data-element_type=\"container\" data-e-type=\"container\" data-settings=\"{&quot;background_background&quot;:&quot;classic&quot;}\">\n\t\t\t\t<div class=\"elementor-element elementor-element-90c1c52 elementor-widget elementor-widget-image\" data-id=\"90c1c52\" data-element_type=\"widget\" data-e-type=\"widget\" data-widget_type=\"image.default\">\n\t\t\t\t\t\t\t\t\t\t\t\t\t\t\t<img fetchpriority=\"high\" decoding=\"async\" width=\"800\" height=\"587\" src=\"https:\/\/remeker.nl\/wp-content\/uploads\/remeker-kazen-2-1024x751.jpg\" class=\"attachment-large size-large wp-image-1155\" alt=\"\" srcset=\"https:\/\/remeker.nl\/wp-content\/uploads\/remeker-kazen-2-1024x751.jpg 1024w, https:\/\/remeker.nl\/wp-content\/uploads\/remeker-kazen-2-600x440.jpg 600w, https:\/\/remeker.nl\/wp-content\/uploads\/remeker-kazen-2-300x220.jpg 300w, https:\/\/remeker.nl\/wp-content\/uploads\/remeker-kazen-2-768x563.jpg 768w, https:\/\/remeker.nl\/wp-content\/uploads\/remeker-kazen-2.jpg 1400w\" sizes=\"(max-width: 800px) 100vw, 800px\" \/>\t\t\t\t\t\t\t\t\t\t\t\t\t\t\t<\/div>\n\t\t\t\t<\/div>\n\t\t<div class=\"elementor-element elementor-element-bef9d4b e-con-full e-flex e-con e-child\" data-id=\"bef9d4b\" data-element_type=\"container\" data-e-type=\"container\">\n\t\t\t\t<div class=\"elementor-element elementor-element-9a402ba elementor-invisible elementor-widget elementor-widget-heading\" data-id=\"9a402ba\" data-element_type=\"widget\" data-e-type=\"widget\" data-settings=\"{&quot;_animation&quot;:&quot;fadeInUp&quot;}\" data-widget_type=\"heading.default\">\n\t\t\t\t\t<h2 class=\"elementor-heading-title elementor-size-default\">Unsere Rohmilch-Naturrinde-K\u00e4se<\/h2>\t\t\t\t<\/div>\n\t\t\t\t<div class=\"elementor-element elementor-element-39f2082 elementor-invisible elementor-widget elementor-widget-text-editor\" data-id=\"39f2082\" data-element_type=\"widget\" data-e-type=\"widget\" data-settings=\"{&quot;_animation&quot;:&quot;fadeInUp&quot;,&quot;_animation_delay&quot;:100}\" data-widget_type=\"text-editor.default\">\n\t\t\t\t\t\t\t\t\t<div class=\"prose\"><p>Bei Remeker stellen wir unsere Rohmilch-Naturrinde-K\u00e4se ausschlie\u00dflich aus der Milch unserer eigenen Jersey-K\u00fche her, die seit 2004 antibiotikafrei gehalten werden. Wir verfolgen eine vollst\u00e4ndig nat\u00fcrliche Kette: Die K\u00fche grasen auf kr\u00e4uterreichen Weiden, wir verwenden wenig Sole (weniger als zwei Tage), wodurch der Salzgehalt niedrig ist, und wir bestreichen die Rinde w\u00e4hrend der Reifung mit unserem eigenen Ghee.<\/p><p>Unser Sortiment umfasst vier Reifegrade: vom frischen \u201ePril\u201c (2\u20113 Monate) \u00fcber den vollen \u201eRyp\u201c (7\u20118 Monate), den intensiven \u201eOlde Remeker\u201c (13 Monate) bis zum komplexen \u201ePracht\u201c (18 Monate). Das Ergebnis ist ein K\u00e4se mit Charakter: eine sch\u00f6n lebende Rinde, reiche Geschmacksentwicklung, mineralstoffreiche Milch in Kombination mit Handwerkskunst. Jeder K\u00e4se erz\u00e4hlt die Geschichte von Boden, Tier und Hersteller.<\/p><\/div>\t\t\t\t\t\t\t\t<\/div>\n\t\t\t\t<div class=\"elementor-element elementor-element-445e28e elementor-invisible elementor-widget elementor-widget-button\" data-id=\"445e28e\" data-element_type=\"widget\" data-e-type=\"widget\" data-settings=\"{&quot;_animation&quot;:&quot;fadeInUp&quot;,&quot;_animation_delay&quot;:200}\" data-widget_type=\"button.default\">\n\t\t\t\t\t\t\t\t\t\t<a class=\"elementor-button elementor-button-link elementor-size-sm elementor-animation-shrink\" href=\"https:\/\/remeker.nl\/de\/kaese\/\">\n\t\t\t\t\t\t<span class=\"elementor-button-content-wrapper\">\n\t\t\t\t\t\t\t\t\t<span class=\"elementor-button-text\">Mehr \u00fcber unseren K\u00e4se<\/span>\n\t\t\t\t\t<\/span>\n\t\t\t\t\t<\/a>\n\t\t\t\t\t\t\t\t<\/div>\n\t\t\t\t<\/div>\n\t\t\t\t\t<\/div>\n\t\t\t\t<\/div>\n\t\t<div class=\"elementor-element elementor-element-f17f674 e-flex e-con-boxed e-con e-parent\" data-id=\"f17f674\" data-element_type=\"container\" data-e-type=\"container\">\n\t\t\t\t\t<div class=\"e-con-inner\">\n\t\t\t\t<div class=\"elementor-element elementor-element-fec97ff elementor-invisible elementor-widget elementor-widget-heading\" data-id=\"fec97ff\" data-element_type=\"widget\" data-e-type=\"widget\" data-settings=\"{&quot;_animation&quot;:&quot;fadeInUp&quot;,&quot;_animation_delay&quot;:200}\" data-widget_type=\"heading.default\">\n\t\t\t\t\t<div class=\"elementor-heading-title elementor-size-default\">Remeker<\/div>\t\t\t\t<\/div>\n\t\t\t\t<div class=\"elementor-element elementor-element-b49f89f elementor-invisible elementor-widget elementor-widget-heading\" data-id=\"b49f89f\" data-element_type=\"widget\" data-e-type=\"widget\" data-settings=\"{&quot;_animation&quot;:&quot;fadeInUp&quot;}\" data-widget_type=\"heading.default\">\n\t\t\t\t\t<h2 class=\"elementor-heading-title elementor-size-default\">K\u00e4seprodukte<\/h2>\t\t\t\t<\/div>\n\t\t\t\t<div class=\"woocommerce elementor-element elementor-element-23dd2f2 elementor-grid-3 elementor-grid-tablet-2 elementor-grid-mobile-1 elementor-widget elementor-widget-loop-grid\" data-id=\"23dd2f2\" data-element_type=\"widget\" data-e-type=\"widget\" data-settings=\"{&quot;_skin&quot;:&quot;product&quot;,&quot;template_id&quot;:1464,&quot;columns&quot;:3,&quot;row_gap&quot;:{&quot;unit&quot;:&quot;em&quot;,&quot;size&quot;:3,&quot;sizes&quot;:[]},&quot;row_gap_laptop&quot;:{&quot;unit&quot;:&quot;em&quot;,&quot;size&quot;:&quot;&quot;,&quot;sizes&quot;:[]},&quot;row_gap_tablet&quot;:{&quot;unit&quot;:&quot;em&quot;,&quot;size&quot;:&quot;&quot;,&quot;sizes&quot;:[]},&quot;row_gap_mobile&quot;:{&quot;unit&quot;:&quot;em&quot;,&quot;size&quot;:&quot;&quot;,&quot;sizes&quot;:[]},&quot;columns_tablet&quot;:&quot;2&quot;,&quot;columns_mobile&quot;:&quot;1&quot;,&quot;edit_handle_selector&quot;:&quot;[data-elementor-type=\\&quot;loop-item\\&quot;]&quot;}\" data-widget_type=\"loop-grid.product\">\n\t\t\t\t<div class=\"elementor-widget-container\">\n\t\t\t\t\t\t\t<div class=\"e-loop-nothing-found-message\">\n\t\t<\/div>\n\t\t\t\t\t\t<\/div>\n\t\t\t\t<\/div>\n\t\t\t\t\t<\/div>\n\t\t\t\t<\/div>\n\t\t\t\t<\/div>\n\t\t","protected":false},"excerpt":{"rendered":"<p>Unsere Rohmilch-Naturrinde-K\u00e4se Bei Remeker stellen wir unsere Rohmilch-Naturrinde-K\u00e4se ausschlie\u00dflich aus der Milch unserer eigenen Jersey-K\u00fche her, die seit 2004 antibiotikafrei gehalten werden. Wir verfolgen eine vollst\u00e4ndig nat\u00fcrliche Kette: Die K\u00fche grasen auf kr\u00e4uterreichen Weiden, wir verwenden wenig Sole (weniger als zwei Tage), wodurch der Salzgehalt niedrig ist, und wir bestreichen die Rinde w\u00e4hrend der Reifung [&hellip;]<\/p>\n","protected":false},"author":1,"featured_media":0,"parent":0,"menu_order":0,"comment_status":"closed","ping_status":"closed","template":"","meta":{"footnotes":""},"class_list":["post-1152","page","type-page","status-publish","hentry"],"_links":{"self":[{"href":"https:\/\/remeker.nl\/de\/wp-json\/wp\/v2\/pages\/1152","targetHints":{"allow":["GET"]}}],"collection":[{"href":"https:\/\/remeker.nl\/de\/wp-json\/wp\/v2\/pages"}],"about":[{"href":"https:\/\/remeker.nl\/de\/wp-json\/wp\/v2\/types\/page"}],"author":[{"embeddable":true,"href":"https:\/\/remeker.nl\/de\/wp-json\/wp\/v2\/users\/1"}],"replies":[{"embeddable":true,"href":"https:\/\/remeker.nl\/de\/wp-json\/wp\/v2\/comments?post=1152"}],"version-history":[{"count":1,"href":"https:\/\/remeker.nl\/de\/wp-json\/wp\/v2\/pages\/1152\/revisions"}],"predecessor-version":[{"id":1156,"href":"https:\/\/remeker.nl\/de\/wp-json\/wp\/v2\/pages\/1152\/revisions\/1156"}],"wp:attachment":[{"href":"https:\/\/remeker.nl\/de\/wp-json\/wp\/v2\/media?parent=1152"}],"curies":[{"name":"wp","href":"https:\/\/api.w.org\/{rel}","templated":true}]}}